{"id":9,"date":"2019-08-09T22:40:52","date_gmt":"2019-08-09T20:40:52","guid":{"rendered":"http:\/\/jobstmann-spandonis.at\/?page_id=9"},"modified":"2022-03-31T22:07:06","modified_gmt":"2022-03-31T20:07:06","slug":"uber-mich","status":"publish","type":"page","link":"https:\/\/jobstmann-spandonis.at\/?page_id=9","title":{"rendered":"\u00dcber mich"},"content":{"rendered":"\n<div class=\"wp-block-image\"><figure class=\"alignleft\"><img loading=\"lazy\" width=\"150\" height=\"160\" src=\"https:\/\/jobstmann-spandonis.at\/wp-content\/uploads\/2019\/08\/WEBSITE-1.jpg\" alt=\"\" class=\"wp-image-52\"\/><\/figure><\/div>\n\n\n\n<p><br><\/p>\n\n\n\n<p><br><\/p>\n\n\n\n<p><\/p>\n\n\n\n<p><\/p>\n\n\n\n<p>Manuela Jobstmann-Spandonis <br> <br>1985-1991 Architekturstudium an der TU-Graz<br>1991-2005 Planungst\u00e4tigkeit in Grazer Architekturb\u00fcros<br>2005-2007 Ausbildungslehrgang Software-Entwicklung<br>Seit 2005 Besch\u00e4ftigung mit Acryl- und Aquarellmalerei   <br>Seit 2007 Software-Produkt-Entwicklung und IT-Management<br>2015-2017 Masterstudium Innovationsmanagement FH Campus 02 in Graz<br>Seit 2019 Ateliergemeinschaft in Graz<\/p>\n\n\n\n<p> <\/p>\n","protected":false},"excerpt":{"rendered":"<p>Manuela Jobstmann-Spandonis 1985-1991 Architekturstudium an der TU-Graz1991-2005 Planungst\u00e4tigkeit in Grazer Architekturb\u00fcros2005-2007 Ausbildungslehrgang Software-EntwicklungSeit 2005 Besch\u00e4ftigung mit Acryl- und Aquarellmalerei Seit 2007 Software-Produkt-Entwicklung und IT-Management2015-2017 Masterstudium Innovationsmanagement FH Campus 02 in GrazSeit 2019 Ateliergemeinschaft in Graz<\/p>\n","protected":false},"author":1,"featured_media":0,"parent":0,"menu_order":0,"comment_status":"closed","ping_status":"closed","template":"","meta":{"ngg_post_thumbnail":0},"_links":{"self":[{"href":"https:\/\/jobstmann-spandonis.at\/index.php?rest_route=\/wp\/v2\/pages\/9"}],"collection":[{"href":"https:\/\/jobstmann-spandonis.at\/index.php?rest_route=\/wp\/v2\/pages"}],"about":[{"href":"https:\/\/jobstmann-spandonis.at\/index.php?rest_route=\/wp\/v2\/types\/page"}],"author":[{"embeddable":true,"href":"https:\/\/jobstmann-spandonis.at\/index.php?rest_route=\/wp\/v2\/users\/1"}],"replies":[{"embeddable":true,"href":"https:\/\/jobstmann-spandonis.at\/index.php?rest_route=%2Fwp%2Fv2%2Fcomments&post=9"}],"version-history":[{"count":16,"href":"https:\/\/jobstmann-spandonis.at\/index.php?rest_route=\/wp\/v2\/pages\/9\/revisions"}],"predecessor-version":[{"id":578,"href":"https:\/\/jobstmann-spandonis.at\/index.php?rest_route=\/wp\/v2\/pages\/9\/revisions\/578"}],"wp:attachment":[{"href":"https:\/\/jobstmann-spandonis.at\/index.php?rest_route=%2Fwp%2Fv2%2Fmedia&parent=9"}],"curies":[{"name":"wp","href":"https:\/\/api.w.org\/{rel}","templated":true}]}}